{"id":791,"date":"2022-07-28T07:00:19","date_gmt":"2022-07-28T07:00:19","guid":{"rendered":"https:\/\/demo.creativethemes.com\/elementor\/bizconsult\/?page_id=791"},"modified":"2025-09-12T14:17:01","modified_gmt":"2025-09-12T06:17:01","slug":"about-us","status":"publish","type":"page","link":"https:\/\/shuliybalers.com\/tr\/about-us\/","title":{"rendered":"Hakk\u0131m\u0131zda"},"content":{"rendered":"<div data-elementor-type=\"wp-page\" data-elementor-id=\"791\" class=\"elementor elementor-791\" data-elementor-post-type=\"page\"> \t\t\t\t<div class=\"elementor-element elementor-element-eeed4cb e-flex e-con-boxed e-con e-parent\" data-id=\"eeed4cb\" data-element_type=\"container\" data-e-type=\"container\" data-settings=\"{&quot;background_background&quot;:&quot;classic&quot;}\"> \t\t\t\t\t<div class=\"e-con-inner\"> \t\t\t\t<div class=\"elementor-element elementor-element-337a5f1 elementor-widget elementor-widget-heading\" data-id=\"337a5f1\" data-element_type=\"widget\" data-e-type=\"widget\" data-widget_type=\"heading.default\"> \t\t\t\t\t<h2 class=\"elementor-heading-title elementor-size-default\">Ekibimizle Tan\u0131\u015f\u0131n<\/h2>\t\t\t\t<\/div> \t\t\t\t<div class=\"elementor-element elementor-element-451373a elementor-widget elementor-widget-image\" data-id=\"451373a\" data-element_type=\"widget\" data-e-type=\"widget\" data-widget_type=\"image.default\"> \t\t\t\t\t\t\t\t\t\t\t\t\t\t\t<img fetchpriority=\"high\" decoding=\"async\" width=\"720\" height=\"377\" src=\"https:\/\/shuliybalers.com\/wp-content\/uploads\/2023\/05\/shuliy-machinery-720x377.webp\" class=\"attachment-large size-large wp-image-1730\" alt=\"shuliy makineleri\" srcset=\"https:\/\/shuliybalers.com\/wp-content\/uploads\/2023\/05\/shuliy-machinery-720x377.webp 720w, https:\/\/shuliybalers.com\/wp-content\/uploads\/2023\/05\/shuliy-machinery-360x189.webp 360w, https:\/\/shuliybalers.com\/wp-content\/uploads\/2023\/05\/shuliy-machinery-768x402.webp 768w, https:\/\/shuliybalers.com\/wp-content\/uploads\/2023\/05\/shuliy-machinery.webp 1352w\" sizes=\"(max-width: 720px) 100vw, 720px\" title=\"\">\t\t\t\t\t\t\t\t\t\t\t\t\t\t\t<\/div> \t\t\t\t\t<\/div> \t\t\t\t<\/div> \t\t<div class=\"elementor-element elementor-element-61422b7 e-flex e-con-boxed e-con e-parent\" data-id=\"61422b7\" data-element_type=\"container\" data-e-type=\"container\"> \t\t\t\t\t<div class=\"e-con-inner\"> \t\t\t\t<div class=\"elementor-element elementor-element-d0b04b1 elementor-widget-divider--view-line elementor-widget elementor-widget-divider\" data-id=\"d0b04b1\" data-element_type=\"widget\" data-e-type=\"widget\" data-widget_type=\"divider.default\"> \t\t\t\t\t\t\t<div class=\"elementor-divider\"> \t\t\t<span class=\"elementor-divider-separator\"> \t\t\t\t\t\t<\/span> \t\t<\/div> \t\t\t\t\t\t<\/div> \t\t\t\t\t<\/div> \t\t\t\t<\/div> \t\t<div class=\"elementor-element elementor-element-d75455c e-flex e-con-boxed e-con e-parent\" data-id=\"d75455c\" data-element_type=\"container\" data-e-type=\"container\" data-settings=\"{&quot;background_background&quot;:&quot;classic&quot;}\"> \t\t\t\t\t<div class=\"e-con-inner\"> \t\t\t\t<div class=\"elementor-element elementor-element-f71b5ee elementor-widget__width-initial elementor-widget-tablet__width-inherit elementor-widget elementor-widget-image\" data-id=\"f71b5ee\" data-element_type=\"widget\" data-e-type=\"widget\" data-widget_type=\"image.default\"> \t\t\t\t\t\t\t\t\t\t\t\t\t\t\t<img decoding=\"async\" width=\"440\" height=\"539\" src=\"https:\/\/shuliybalers.com\/wp-content\/uploads\/2023\/06\/customer-and-sales.jpg\" class=\"attachment-large size-large wp-image-2200\" alt=\"m\u00fc\u015fteri ve sat\u0131\u015f\" srcset=\"https:\/\/shuliybalers.com\/wp-content\/uploads\/2023\/06\/customer-and-sales.jpg 440w, https:\/\/shuliybalers.com\/wp-content\/uploads\/2023\/06\/customer-and-sales-220x270.jpg 220w\" sizes=\"(max-width: 440px) 100vw, 440px\" title=\"\">\t\t\t\t\t\t\t\t\t\t\t\t\t\t\t<\/div> \t\t<div class=\"elementor-element elementor-element-e5cc82e e-con-full e-flex e-con e-child\" data-id=\"e5cc82e\" data-element_type=\"container\" data-e-type=\"container\"> \t\t\t\t<div class=\"elementor-element elementor-element-e99846e elementor-widget elementor-widget-heading\" data-id=\"e99846e\" data-element_type=\"widget\" data-e-type=\"widget\" data-widget_type=\"heading.default\"> \t\t\t\t\t<h3 class=\"elementor-heading-title elementor-size-default\">Hakk\u0131m\u0131zda<\/h3>\t\t\t\t<\/div> \t\t\t\t<div class=\"elementor-element elementor-element-27fa672 elementor-tablet-align-center elementor-widget elementor-widget-button\" data-id=\"27fa672\" data-element_type=\"widget\" data-e-type=\"widget\" data-widget_type=\"button.default\"> \t\t\t\t\t\t\t\t\t\t<a class=\"elementor-button elementor-button-link elementor-size-sm\" href=\"https:\/\/shuliybalers.com\/tr\/contact-us\/\"> \t\t\t\t\t\t<span class=\"elementor-button-content-wrapper\"> \t\t\t\t\t\t\t\t\t<span class=\"elementor-button-text\">\u0130leti\u015fime Ge\u00e7in<\/span> \t\t\t\t\t<\/span> \t\t\t\t\t<\/a> \t\t\t\t\t\t\t\t<\/div> \t\t\t\t<div class=\"elementor-element elementor-element-7edccbd elementor-widget elementor-widget-text-editor\" data-id=\"7edccbd\" data-element_type=\"widget\" data-e-type=\"widget\" data-widget_type=\"text-editor.default\"> \t\t\t\t\t\t\t\t\t<p>Shuliy Makine'ye Ho\u015fgeldiniz! At\u0131k y\u00f6netimi ve kaynak geri d\u00f6n\u00fc\u015f\u00fcm sekt\u00f6r\u00fcnde g\u00fcvenilir orta\u011f\u0131n\u0131z olarak, \u00fcst\u00fcn ve y\u00fcksek verimli balyalama \u00e7\u00f6z\u00fcmleri sunmaya odaklanm\u0131\u015f bulunuyoruz.<\/p><p>2011 y\u0131l\u0131nda kurulan ana \u015firketimizden bu yana, Shuliy Makine'nin misyonu: \u201c\u00c7in makinelerinin d\u00fcnyan\u0131n her k\u00f6\u015fesini de\u011fi\u015ftirmesine izin verin.\u201d Balya teknolojisine adanm\u0131\u015f Shuliy Grubu'nun temel markas\u0131 olarak, Ar-Ge, \u00fcretim, sat\u0131\u015f ve hizmeti entegre ederek m\u00fc\u015fterilerin geri d\u00f6n\u00fc\u015f\u00fcm verimlili\u011fini art\u0131rmalar\u0131na ve de\u011feri maksimize etmelerine olanak tan\u0131yoruz.<\/p><p>\u00dcr\u00fcn portf\u00f6y\u00fcm\u00fcz, yerel geri d\u00f6n\u00fc\u015f\u00fcm merkezlerinden b\u00fcy\u00fck \u00f6l\u00e7ekli end\u00fcstriyel tesislere kadar \u00e7e\u015fitli malzeme s\u0131k\u0131\u015ft\u0131rma ihtiya\u00e7lar\u0131n\u0131 kar\u015f\u0131layan dikey balyalar, yatay balyalar ve metal balyalar dahil olmak \u00fczere kapsaml\u0131 bir yelpazeyi i\u00e7ermektedir.\u00a0<\/p><p>Ana grubumuzun g\u00fc\u00e7l\u00fc teknik altyap\u0131s\u0131 ve k\u00fcresel hizmet a\u011f\u0131yla desteklenen, balyalar\u0131m\u0131z 50'den fazla \u00fclkede ve b\u00f6lgede faaliyet g\u00f6stermektedir, sa\u011flam yap\u0131lar\u0131, g\u00fcvenilir performanslar\u0131 ve ak\u0131ll\u0131 i\u015fletimleriyle g\u00fcven kazanm\u0131\u015ft\u0131r.<\/p><h3><strong>Neden Shuliy Baler'\u0131 Se\u00e7melisiniz?<\/strong><\/h3><p class=\"translation-block\"><strong>\u00d6zelle\u015ftirilmi\u015f \u00c7\u00f6z\u00fcmler:<\/strong> Malzemelerinizi, i\u015flem hacmi gereksinimlerinizi ve operasyon alan\u0131n\u0131z\u0131 anlamak i\u00e7in zaman ay\u0131r\u0131yoruz, b\u00f6ylece i\u015fletmeniz i\u00e7in en uygun balya makinesi konfig\u00fcrasyonunu tasarl\u0131yor ve \u00f6neriyoruz.<\/p><p class=\"translation-block\"><strong>Ola\u011fan\u00fcst\u00fc Kalite:<\/strong> Y\u00fcksek kaliteli malzemeler ve geli\u015fmi\u015f \u00fcretim s\u00fcre\u00e7leri kullan\u0131yoruz, b\u00f6ylece her makinenin dayan\u0131kl\u0131 olmas\u0131n\u0131, a\u011f\u0131r hizmet ko\u015fullar\u0131na dayanabilmesini sa\u011fl\u0131yoruz.<\/p><p class=\"translation-block\"><strong>Ba\u015flang\u0131\u00e7tan Sonuna Hizmet:<\/strong> Uzman \u00f6n sat\u0131\u015f dan\u0131\u015fmanl\u0131\u011f\u0131 ve \u00e7\u00f6z\u00fcm tasar\u0131m\u0131ndan, h\u0131zl\u0131 teslimat, yerinde kurulum ve yedek par\u00e7a temini ile uzun vadeli sat\u0131\u015f sonras\u0131 deste\u011fe kadar sorunsuz, tek durakl\u0131 bir hizmet deneyimi sunuyoruz.<\/p><p class=\"translation-block\">Uzun Vadeli \u0130\u015fbirli\u011fi:   Sadece bir makine satm\u0131yoruz; kal\u0131c\u0131 ili\u015fkiler kuruyoruz. Ekipman\u0131n\u0131z ne kadar uzun s\u00fcredir hizmette olursa olsun, Shuliy ekibi sizin adanm\u0131\u015f teknik destek orta\u011f\u0131n\u0131z olmaya devam eder.<\/p><p class=\"translation-block\"><strong>Ba\u015far\u0131n\u0131z, bizim ba\u015far\u0131m\u0131zd\u0131r.<\/strong><\/p><p>Operasyonel ihtiya\u00e7lar\u0131n\u0131z i\u00e7in en uygun \u00e7\u00f6z\u00fcm\u00fc bulmak \u00fczere sizinle ileti\u015fime ge\u00e7meyi d\u00f6rt g\u00f6zle bekliyoruz. Bug\u00fcn bizimle ileti\u015fime ge\u00e7in ve daha verimli geri d\u00f6n\u00fc\u015f\u00fcm yolculu\u011funuza ba\u015flay\u0131n.<\/p>\t\t\t\t\t\t\t\t<\/div> \t\t\t\t<\/div> \t\t\t\t\t<\/div> \t\t\t\t<\/div> \t\t<div class=\"elementor-element elementor-element-c03dfb6 e-flex e-con-boxed e-con e-parent\" data-id=\"c03dfb6\" data-element_type=\"container\" data-e-type=\"container\" data-settings=\"{&quot;background_background&quot;:&quot;classic&quot;}\"> \t\t\t\t\t<div class=\"e-con-inner\"> \t\t\t\t<div class=\"elementor-element elementor-element-18e4b6c elementor-widget elementor-widget-heading\" data-id=\"18e4b6c\" data-element_type=\"widget\" data-e-type=\"widget\" data-widget_type=\"heading.default\"> \t\t\t\t\t<h2 class=\"elementor-heading-title elementor-size-default\">Neden bizi se\u00e7melisiniz<\/h2>\t\t\t\t<\/div> \t\t\t\t<div class=\"elementor-element elementor-element-d180b9d elementor-widget elementor-widget-text-editor\" data-id=\"d180b9d\" data-element_type=\"widget\" data-e-type=\"widget\" data-widget_type=\"text-editor.default\"> \t\t\t\t\t\t\t\t\t<p>Bir\u00e7ok rakip aras\u0131ndan neden bizi tercih ediyorsunuz<\/p>\t\t\t\t\t\t\t\t<\/div> \t\t<div class=\"elementor-element elementor-element-c03b362 e-flex e-con-boxed e-con e-child\" data-id=\"c03b362\" data-element_type=\"container\" data-e-type=\"container\"> \t\t\t\t\t<div class=\"e-con-inner\"> \t\t\t\t<div class=\"elementor-element elementor-element-cab4e6d elementor-widget__width-initial elementor-view-default elementor-position-block-start elementor-mobile-position-block-start elementor-widget elementor-widget-icon-box\" data-id=\"cab4e6d\" data-element_type=\"widget\" data-e-type=\"widget\" data-widget_type=\"icon-box.default\"> \t\t\t\t\t\t\t<div class=\"elementor-icon-box-wrapper\">  \t\t\t\t\t\t<div class=\"elementor-icon-box-icon\"> \t\t\t\t<span  class=\"elementor-icon\"> \t\t\t\t<svg aria-hidden=\"true\" class=\"e-font-icon-svg e-fas-user\" viewbox=\"0 0 448 512\" xmlns=\"http:\/\/www.w3.org\/2000\/svg\"><path d=\"M224 256c70.7 0 128-57.3 128-128S294.7 0 224 0 96 57.3 96 128s57.3 128 128 128zm89.6 32h-16.7c-22.2 10.2-46.9 16-72.9 16s-50.6-5.8-72.9-16h-16.7C60.2 288 0 348.2 0 422.4V464c0 26.5 21.5 48 48 48h352c26.5 0 48-21.5 48-48v-41.6c0-74.2-60.2-134.4-134.4-134.4z\"><\/path><\/svg>\t\t\t\t<\/span> \t\t\t<\/div> \t\t\t \t\t\t\t\t\t<div class=\"elementor-icon-box-content\">  \t\t\t\t\t\t\t\t\t<h3 class=\"elementor-icon-box-title\"> \t\t\t\t\t\t<span  > \t\t\t\t\t\t\t7\/24 M\u00fc\u015fteri Deste\u011fi\t\t\t\t\t\t<\/span> \t\t\t\t\t<\/h3> \t\t\t\t \t\t\t\t\t\t\t\t\t<p class=\"elementor-icon-box-description\"> \t\t\t\t\t\tM\u00fc\u015fteri ne zaman mesaj g\u00f6nderirse g\u00f6ndersin, ilk zamanda cevap verece\u011fiz\t\t\t\t\t<\/p> \t\t\t\t \t\t\t<\/div> \t\t\t \t\t<\/div> \t\t\t\t\t\t<\/div> \t\t\t\t<div class=\"elementor-element elementor-element-286c33a elementor-widget__width-initial elementor-view-default elementor-position-block-start elementor-mobile-position-block-start elementor-widget elementor-widget-icon-box\" data-id=\"286c33a\" data-element_type=\"widget\" data-e-type=\"widget\" data-widget_type=\"icon-box.default\"> \t\t\t\t\t\t\t<div class=\"elementor-icon-box-wrapper\">  \t\t\t\t\t\t<div class=\"elementor-icon-box-icon\"> \t\t\t\t<span  class=\"elementor-icon\"> \t\t\t\t<svg aria-hidden=\"true\" class=\"e-font-icon-svg e-fab-product-hunt\" viewbox=\"0 0 512 512\" xmlns=\"http:\/\/www.w3.org\/2000\/svg\"><path d=\"M326.3 218.8c0 20.5-16.7 37.2-37.2 37.2h-70.3v-74.4h70.3c20.5 0 37.2 16.7 37.2 37.2zM504 256c0 137-111 248-248 248S8 393 8 256 119 8 256 8s248 111 248 248zm-128.1-37.2c0-47.9-38.9-86.8-86.8-86.8H169.2v248h49.6v-74.4h70.3c47.9 0 86.8-38.9 86.8-86.8z\"><\/path><\/svg>\t\t\t\t<\/span> \t\t\t<\/div> \t\t\t \t\t\t\t\t\t<div class=\"elementor-icon-box-content\">  \t\t\t\t\t\t\t\t\t<h3 class=\"elementor-icon-box-title\"> \t\t\t\t\t\t<span  > \t\t\t\t\t\t\tY\u00fcksek Kaliteli Makine\t\t\t\t\t\t<\/span> \t\t\t\t\t<\/h3> \t\t\t\t \t\t\t\t\t\t\t\t\t<p class=\"elementor-icon-box-description\"> \t\t\t\t\t\tMakineler y\u00fcksek kaliteli malzemelerden yap\u0131lm\u0131\u015ft\u0131r\t\t\t\t\t<\/p> \t\t\t\t \t\t\t<\/div> \t\t\t \t\t<\/div> \t\t\t\t\t\t<\/div> \t\t\t\t<div class=\"elementor-element elementor-element-0a33e12 elementor-widget__width-initial elementor-view-default elementor-position-block-start elementor-mobile-position-block-start elementor-widget elementor-widget-icon-box\" data-id=\"0a33e12\" data-element_type=\"widget\" data-e-type=\"widget\" data-widget_type=\"icon-box.default\"> \t\t\t\t\t\t\t<div class=\"elementor-icon-box-wrapper\">  \t\t\t\t\t\t<div class=\"elementor-icon-box-icon\"> \t\t\t\t<span  class=\"elementor-icon\"> \t\t\t\t<svg aria-hidden=\"true\" class=\"e-font-icon-svg e-fas-shipping-fast\" viewbox=\"0 0 640 512\" xmlns=\"http:\/\/www.w3.org\/2000\/svg\"><path d=\"M624 352h-16V243.9c0-12.7-5.1-24.9-14.1-33.9L494 110.1c-9-9-21.2-14.1-33.9-14.1H416V48c0-26.5-21.5-48-48-48H112C85.5 0 64 21.5 64 48v48H8c-4.4 0-8 3.6-8 8v16c0 4.4 3.6 8 8 8h272c4.4 0 8 3.6 8 8v16c0 4.4-3.6 8-8 8H40c-4.4 0-8 3.6-8 8v16c0 4.4 3.6 8 8 8h208c4.4 0 8 3.6 8 8v16c0 4.4-3.6 8-8 8H8c-4.4 0-8 3.6-8 8v16c0 4.4 3.6 8 8 8h208c4.4 0 8 3.6 8 8v16c0 4.4-3.6 8-8 8H64v128c0 53 43 96 96 96s96-43 96-96h128c0 53 43 96 96 96s96-43 96-96h48c8.8 0 16-7.2 16-16v-32c0-8.8-7.2-16-16-16zM160 464c-26.5 0-48-21.5-48-48s21.5-48 48-48 48 21.5 48 48-21.5 48-48 48zm320 0c-26.5 0-48-21.5-48-48s21.5-48 48-48 48 21.5 48 48-21.5 48-48 48zm80-208H416V144h44.1l99.9 99.9V256z\"><\/path><\/svg>\t\t\t\t<\/span> \t\t\t<\/div> \t\t\t \t\t\t\t\t\t<div class=\"elementor-icon-box-content\">  \t\t\t\t\t\t\t\t\t<h3 class=\"elementor-icon-box-title\"> \t\t\t\t\t\t<span  > \t\t\t\t\t\t\tH\u0131zl\u0131 Teslimat\t\t\t\t\t\t<\/span> \t\t\t\t\t<\/h3> \t\t\t\t \t\t\t\t\t\t\t\t\t<p class=\"elementor-icon-box-description\"> \t\t\t\t\t\t\u00c7ok say\u0131da spot \u00fcr\u00fcn, m\u00fc\u015fterilere ilk teslimat\u0131 yapaca\u011f\u0131m\u0131z\u0131 garanti eder\t\t\t\t\t<\/p> \t\t\t\t \t\t\t<\/div> \t\t\t \t\t<\/div> \t\t\t\t\t\t<\/div> \t\t\t\t\t<\/div> \t\t\t\t<\/div> \t\t\t\t\t<\/div> \t\t\t\t<\/div> \t\t\t\t<\/div>","protected":false},"excerpt":{"rendered":"<p>Meet our Team About Us Contact Us Welcome to Shuliy Machinery! We are your trusted partner in the waste management and resource recycling industry, specializing in delivering superior, high-efficiency baling solutions. Since our parent company&#8217;s founding in 2011, Shuliy Machinery has been driven by the mission: &#8220;Let Chinese machines change every corner of the world.&#8221; [&hellip;]<\/p>\n","protected":false},"author":1,"featured_media":0,"parent":0,"menu_order":0,"comment_status":"closed","ping_status":"closed","template":"","meta":{"footnotes":""},"class_list":["post-791","page","type-page","status-publish","hentry"],"_links":{"self":[{"href":"https:\/\/shuliybalers.com\/tr\/wp-json\/wp\/v2\/pages\/791","targetHints":{"allow":["GET"]}}],"collection":[{"href":"https:\/\/shuliybalers.com\/tr\/wp-json\/wp\/v2\/pages"}],"about":[{"href":"https:\/\/shuliybalers.com\/tr\/wp-json\/wp\/v2\/types\/page"}],"author":[{"embeddable":true,"href":"https:\/\/shuliybalers.com\/tr\/wp-json\/wp\/v2\/users\/1"}],"replies":[{"embeddable":true,"href":"https:\/\/shuliybalers.com\/tr\/wp-json\/wp\/v2\/comments?post=791"}],"version-history":[{"count":0,"href":"https:\/\/shuliybalers.com\/tr\/wp-json\/wp\/v2\/pages\/791\/revisions"}],"wp:attachment":[{"href":"https:\/\/shuliybalers.com\/tr\/wp-json\/wp\/v2\/media?parent=791"}],"curies":[{"name":"wp","href":"https:\/\/api.w.org\/{rel}","templated":true}]}}