{"id":791,"date":"2022-07-28T07:00:19","date_gmt":"2022-07-28T07:00:19","guid":{"rendered":"https:\/\/demo.creativethemes.com\/elementor\/bizconsult\/?page_id=791"},"modified":"2025-09-12T14:17:01","modified_gmt":"2025-09-12T06:17:01","slug":"about-us","status":"publish","type":"page","link":"https:\/\/shuliybalers.com\/fr\/about-us\/","title":{"rendered":"\u00c0 propos de nous"},"content":{"rendered":"<div data-elementor-type=\"wp-page\" data-elementor-id=\"791\" class=\"elementor elementor-791\" data-elementor-post-type=\"page\"> \t\t\t\t<div class=\"elementor-element elementor-element-eeed4cb e-flex e-con-boxed e-con e-parent\" data-id=\"eeed4cb\" data-element_type=\"container\" data-e-type=\"container\" data-settings=\"{&quot;background_background&quot;:&quot;classic&quot;}\"> \t\t\t\t\t<div class=\"e-con-inner\"> \t\t\t\t<div class=\"elementor-element elementor-element-337a5f1 elementor-widget elementor-widget-heading\" data-id=\"337a5f1\" data-element_type=\"widget\" data-e-type=\"widget\" data-widget_type=\"heading.default\"> \t\t\t\t\t<h2 class=\"elementor-heading-title elementor-size-default\">Rencontrez notre \u00e9quipe<\/h2>\t\t\t\t<\/div> \t\t\t\t<div class=\"elementor-element elementor-element-451373a elementor-widget elementor-widget-image\" data-id=\"451373a\" data-element_type=\"widget\" data-e-type=\"widget\" data-widget_type=\"image.default\"> \t\t\t\t\t\t\t\t\t\t\t\t\t\t\t<img fetchpriority=\"high\" decoding=\"async\" width=\"720\" height=\"377\" src=\"https:\/\/shuliybalers.com\/wp-content\/uploads\/2023\/05\/shuliy-machinery-720x377.webp\" class=\"attachment-large size-large wp-image-1730\" alt=\"shuliy machinery\" srcset=\"https:\/\/shuliybalers.com\/wp-content\/uploads\/2023\/05\/shuliy-machinery-720x377.webp 720w, https:\/\/shuliybalers.com\/wp-content\/uploads\/2023\/05\/shuliy-machinery-360x189.webp 360w, https:\/\/shuliybalers.com\/wp-content\/uploads\/2023\/05\/shuliy-machinery-768x402.webp 768w, https:\/\/shuliybalers.com\/wp-content\/uploads\/2023\/05\/shuliy-machinery.webp 1352w\" sizes=\"(max-width: 720px) 100vw, 720px\" title=\"\">\t\t\t\t\t\t\t\t\t\t\t\t\t\t\t<\/div> \t\t\t\t\t<\/div> \t\t\t\t<\/div> \t\t<div class=\"elementor-element elementor-element-61422b7 e-flex e-con-boxed e-con e-parent\" data-id=\"61422b7\" data-element_type=\"container\" data-e-type=\"container\"> \t\t\t\t\t<div class=\"e-con-inner\"> \t\t\t\t<div class=\"elementor-element elementor-element-d0b04b1 elementor-widget-divider--view-line elementor-widget elementor-widget-divider\" data-id=\"d0b04b1\" data-element_type=\"widget\" data-e-type=\"widget\" data-widget_type=\"divider.default\"> \t\t\t\t\t\t\t<div class=\"elementor-divider\"> \t\t\t<span class=\"elementor-divider-separator\"> \t\t\t\t\t\t<\/span> \t\t<\/div> \t\t\t\t\t\t<\/div> \t\t\t\t\t<\/div> \t\t\t\t<\/div> \t\t<div class=\"elementor-element elementor-element-d75455c e-flex e-con-boxed e-con e-parent\" data-id=\"d75455c\" data-element_type=\"container\" data-e-type=\"container\" data-settings=\"{&quot;background_background&quot;:&quot;classic&quot;}\"> \t\t\t\t\t<div class=\"e-con-inner\"> \t\t\t\t<div class=\"elementor-element elementor-element-f71b5ee elementor-widget__width-initial elementor-widget-tablet__width-inherit elementor-widget elementor-widget-image\" data-id=\"f71b5ee\" data-element_type=\"widget\" data-e-type=\"widget\" data-widget_type=\"image.default\"> \t\t\t\t\t\t\t\t\t\t\t\t\t\t\t<img decoding=\"async\" width=\"440\" height=\"539\" src=\"https:\/\/shuliybalers.com\/wp-content\/uploads\/2023\/06\/customer-and-sales.jpg\" class=\"attachment-large size-large wp-image-2200\" alt=\"client et ventes\" srcset=\"https:\/\/shuliybalers.com\/wp-content\/uploads\/2023\/06\/customer-and-sales.jpg 440w, https:\/\/shuliybalers.com\/wp-content\/uploads\/2023\/06\/customer-and-sales-220x270.jpg 220w\" sizes=\"(max-width: 440px) 100vw, 440px\" title=\"\">\t\t\t\t\t\t\t\t\t\t\t\t\t\t\t<\/div> \t\t<div class=\"elementor-element elementor-element-e5cc82e e-con-full e-flex e-con e-child\" data-id=\"e5cc82e\" data-element_type=\"container\" data-e-type=\"container\"> \t\t\t\t<div class=\"elementor-element elementor-element-e99846e elementor-widget elementor-widget-heading\" data-id=\"e99846e\" data-element_type=\"widget\" data-e-type=\"widget\" data-widget_type=\"heading.default\"> \t\t\t\t\t<h3 class=\"elementor-heading-title elementor-size-default\">\u00c0 propos de nous<\/h3>\t\t\t\t<\/div> \t\t\t\t<div class=\"elementor-element elementor-element-27fa672 elementor-tablet-align-center elementor-widget elementor-widget-button\" data-id=\"27fa672\" data-element_type=\"widget\" data-e-type=\"widget\" data-widget_type=\"button.default\"> \t\t\t\t\t\t\t\t\t\t<a class=\"elementor-button elementor-button-link elementor-size-sm\" href=\"https:\/\/shuliybalers.com\/fr\/contact-us\/\"> \t\t\t\t\t\t<span class=\"elementor-button-content-wrapper\"> \t\t\t\t\t\t\t\t\t<span class=\"elementor-button-text\">Contactez-nous<\/span> \t\t\t\t\t<\/span> \t\t\t\t\t<\/a> \t\t\t\t\t\t\t\t<\/div> \t\t\t\t<div class=\"elementor-element elementor-element-7edccbd elementor-widget elementor-widget-text-editor\" data-id=\"7edccbd\" data-element_type=\"widget\" data-e-type=\"widget\" data-widget_type=\"text-editor.default\"> \t\t\t\t\t\t\t\t\t<p>Bienvenue chez Shuliy Machinery ! Nous sommes votre partenaire de confiance dans l'industrie de la gestion des d\u00e9chets et du recyclage des ressources, sp\u00e9cialis\u00e9s dans la fourniture de solutions de compactage \u00e0 haute efficacit\u00e9.<\/p><p>Depuis la fondation de notre soci\u00e9t\u00e9 m\u00e8re en 2011, Shuliy Machinery est guid\u00e9e par la mission : \u00ab Laissez les machines chinoises changer chaque coin du monde. \u00bb En tant que marque principale du groupe Shuliy d\u00e9di\u00e9e \u00e0 la technologie de compactage, nous int\u00e9grons R&amp;D, fabrication, vente et service pour permettre \u00e0 nos clients dans le monde entier d'am\u00e9liorer leur efficacit\u00e9 de recyclage et de maximiser la valeur.<\/p><p>Notre portefeuille de produits comprend une gamme compl\u00e8te de presses verticales, horizontales et de presses \u00e0 m\u00e9taux, con\u00e7ues pour r\u00e9pondre aux divers besoins de compactage des mat\u00e9riaux dans des installations allant des centres de recyclage locaux aux grandes usines industrielles.\u00a0<\/p><p>Soutenus par la solide force technique et le r\u00e9seau de service mondial de notre groupe m\u00e8re, nos presses \u00e0 balles sont op\u00e9rationnelles dans plus de 50 pays et r\u00e9gions, reconnues pour leur construction robuste, leur performance fiable et leur fonctionnement intelligent.<\/p><h3><strong>Pourquoi choisir Shuliy Baler ?<\/strong><\/h3><p class=\"translation-block\"><strong>Solutions sur mesure :<\/strong> Nous prenons le temps de comprendre vos mat\u00e9riaux sp\u00e9cifiques, vos exigences de d\u00e9bit et votre espace op\u00e9rationnel pour concevoir et recommander la configuration de presse \u00e0 balles parfaite pour votre entreprise.<\/p><p class=\"translation-block\"><strong>Qualit\u00e9 exceptionnelle :<\/strong> Nous utilisons des mat\u00e9riaux de haute qualit\u00e9 et des processus de fabrication avanc\u00e9s pour garantir que chaque machine est con\u00e7ue pour durer, capable de r\u00e9sister aux rigueurs d'une utilisation intensive.<\/p><p class=\"translation-block\"><strong>Service de bout en bout :<\/strong> De la consultation pr\u00e9-vente experte et de la conception de solutions \u00e0 une livraison rapide, \u00e0 l'installation sur site et \u00e0 un support apr\u00e8s-vente \u00e0 long terme avec disponibilit\u00e9 de pi\u00e8ces de rechange, nous offrons une exp\u00e9rience de service fluide et compl\u00e8te.<\/p><p class=\"translation-block\">Partenariat \u00e0 long terme :   Nous ne vendons pas seulement une machine ; nous construisons des relations durables. Peu importe depuis combien de temps votre \u00e9quipement est en service, l'\u00e9quipe Shuliy reste votre partenaire de support technique d\u00e9di\u00e9.<\/p><p class=\"translation-block\"><strong>Votre succ\u00e8s est notre succ\u00e8s.<\/strong><\/p><p>Nous avons h\u00e2te de vous contacter pour trouver la solution optimale \u00e0 vos besoins op\u00e9rationnels. Contactez-nous d\u00e8s aujourd'hui pour commencer votre parcours vers un recyclage plus efficace.<\/p>\t\t\t\t\t\t\t\t<\/div> \t\t\t\t<\/div> \t\t\t\t\t<\/div> \t\t\t\t<\/div> \t\t<div class=\"elementor-element elementor-element-c03dfb6 e-flex e-con-boxed e-con e-parent\" data-id=\"c03dfb6\" data-element_type=\"container\" data-e-type=\"container\" data-settings=\"{&quot;background_background&quot;:&quot;classic&quot;}\"> \t\t\t\t\t<div class=\"e-con-inner\"> \t\t\t\t<div class=\"elementor-element elementor-element-18e4b6c elementor-widget elementor-widget-heading\" data-id=\"18e4b6c\" data-element_type=\"widget\" data-e-type=\"widget\" data-widget_type=\"heading.default\"> \t\t\t\t\t<h2 class=\"elementor-heading-title elementor-size-default\">Pourquoi nous choisir<\/h2>\t\t\t\t<\/div> \t\t\t\t<div class=\"elementor-element elementor-element-d180b9d elementor-widget elementor-widget-text-editor\" data-id=\"d180b9d\" data-element_type=\"widget\" data-e-type=\"widget\" data-widget_type=\"text-editor.default\"> \t\t\t\t\t\t\t\t\t<p>Raisons pour lesquelles vous nous choisissez parmi de nombreux concurrents<\/p>\t\t\t\t\t\t\t\t<\/div> \t\t<div class=\"elementor-element elementor-element-c03b362 e-flex e-con-boxed e-con e-child\" data-id=\"c03b362\" data-element_type=\"container\" data-e-type=\"container\"> \t\t\t\t\t<div class=\"e-con-inner\"> \t\t\t\t<div class=\"elementor-element elementor-element-cab4e6d elementor-widget__width-initial elementor-view-default elementor-position-block-start elementor-mobile-position-block-start elementor-widget elementor-widget-icon-box\" data-id=\"cab4e6d\" data-element_type=\"widget\" data-e-type=\"widget\" data-widget_type=\"icon-box.default\"> \t\t\t\t\t\t\t<div class=\"elementor-icon-box-wrapper\">  \t\t\t\t\t\t<div class=\"elementor-icon-box-icon\"> \t\t\t\t<span  class=\"elementor-icon\"> \t\t\t\t<svg aria-hidden=\"true\" class=\"e-font-icon-svg e-fas-user\" viewbox=\"0 0 448 512\" xmlns=\"http:\/\/www.w3.org\/2000\/svg\"><path d=\"M224 256c70.7 0 128-57.3 128-128S294.7 0 224 0 96 57.3 96 128s57.3 128 128 128zm89.6 32h-16.7c-22.2 10.2-46.9 16-72.9 16s-50.6-5.8-72.9-16h-16.7C60.2 288 0 348.2 0 422.4V464c0 26.5 21.5 48 48 48h352c26.5 0 48-21.5 48-48v-41.6c0-74.2-60.2-134.4-134.4-134.4z\"><\/path><\/svg>\t\t\t\t<\/span> \t\t\t<\/div> \t\t\t \t\t\t\t\t\t<div class=\"elementor-icon-box-content\">  \t\t\t\t\t\t\t\t\t<h3 class=\"elementor-icon-box-title\"> \t\t\t\t\t\t<span  > \t\t\t\t\t\t\tSupport client 24\/7\t\t\t\t\t\t<\/span> \t\t\t\t\t<\/h3> \t\t\t\t \t\t\t\t\t\t\t\t\t<p class=\"elementor-icon-box-description\"> \t\t\t\t\t\tPeu importe quand le client envoie un message, nous r\u00e9pondrons dans les plus brefs d\u00e9lais\t\t\t\t\t<\/p> \t\t\t\t \t\t\t<\/div> \t\t\t \t\t<\/div> \t\t\t\t\t\t<\/div> \t\t\t\t<div class=\"elementor-element elementor-element-286c33a elementor-widget__width-initial elementor-view-default elementor-position-block-start elementor-mobile-position-block-start elementor-widget elementor-widget-icon-box\" data-id=\"286c33a\" data-element_type=\"widget\" data-e-type=\"widget\" data-widget_type=\"icon-box.default\"> \t\t\t\t\t\t\t<div class=\"elementor-icon-box-wrapper\">  \t\t\t\t\t\t<div class=\"elementor-icon-box-icon\"> \t\t\t\t<span  class=\"elementor-icon\"> \t\t\t\t<svg aria-hidden=\"true\" class=\"e-font-icon-svg e-fab-product-hunt\" viewbox=\"0 0 512 512\" xmlns=\"http:\/\/www.w3.org\/2000\/svg\"><path d=\"M326.3 218.8c0 20.5-16.7 37.2-37.2 37.2h-70.3v-74.4h70.3c20.5 0 37.2 16.7 37.2 37.2zM504 256c0 137-111 248-248 248S8 393 8 256 119 8 256 8s248 111 248 248zm-128.1-37.2c0-47.9-38.9-86.8-86.8-86.8H169.2v248h49.6v-74.4h70.3c47.9 0 86.8-38.9 86.8-86.8z\"><\/path><\/svg>\t\t\t\t<\/span> \t\t\t<\/div> \t\t\t \t\t\t\t\t\t<div class=\"elementor-icon-box-content\">  \t\t\t\t\t\t\t\t\t<h3 class=\"elementor-icon-box-title\"> \t\t\t\t\t\t<span  > \t\t\t\t\t\t\tMachine de haute qualit\u00e9\t\t\t\t\t\t<\/span> \t\t\t\t\t<\/h3> \t\t\t\t \t\t\t\t\t\t\t\t\t<p class=\"elementor-icon-box-description\"> \t\t\t\t\t\tLes machines sont fabriqu\u00e9es \u00e0 partir de mat\u00e9riaux de haute qualit\u00e9\t\t\t\t\t<\/p> \t\t\t\t \t\t\t<\/div> \t\t\t \t\t<\/div> \t\t\t\t\t\t<\/div> \t\t\t\t<div class=\"elementor-element elementor-element-0a33e12 elementor-widget__width-initial elementor-view-default elementor-position-block-start elementor-mobile-position-block-start elementor-widget elementor-widget-icon-box\" data-id=\"0a33e12\" data-element_type=\"widget\" data-e-type=\"widget\" data-widget_type=\"icon-box.default\"> \t\t\t\t\t\t\t<div class=\"elementor-icon-box-wrapper\">  \t\t\t\t\t\t<div class=\"elementor-icon-box-icon\"> \t\t\t\t<span  class=\"elementor-icon\"> \t\t\t\t<svg aria-hidden=\"true\" class=\"e-font-icon-svg e-fas-shipping-fast\" viewbox=\"0 0 640 512\" xmlns=\"http:\/\/www.w3.org\/2000\/svg\"><path d=\"M624 352h-16V243.9c0-12.7-5.1-24.9-14.1-33.9L494 110.1c-9-9-21.2-14.1-33.9-14.1H416V48c0-26.5-21.5-48-48-48H112C85.5 0 64 21.5 64 48v48H8c-4.4 0-8 3.6-8 8v16c0 4.4 3.6 8 8 8h272c4.4 0 8 3.6 8 8v16c0 4.4-3.6 8-8 8H40c-4.4 0-8 3.6-8 8v16c0 4.4 3.6 8 8 8h208c4.4 0 8 3.6 8 8v16c0 4.4-3.6 8-8 8H8c-4.4 0-8 3.6-8 8v16c0 4.4 3.6 8 8 8h208c4.4 0 8 3.6 8 8v16c0 4.4-3.6 8-8 8H64v128c0 53 43 96 96 96s96-43 96-96h128c0 53 43 96 96 96s96-43 96-96h48c8.8 0 16-7.2 16-16v-32c0-8.8-7.2-16-16-16zM160 464c-26.5 0-48-21.5-48-48s21.5-48 48-48 48 21.5 48 48-21.5 48-48 48zm320 0c-26.5 0-48-21.5-48-48s21.5-48 48-48 48 21.5 48 48-21.5 48-48 48zm80-208H416V144h44.1l99.9 99.9V256z\"><\/path><\/svg>\t\t\t\t<\/span> \t\t\t<\/div> \t\t\t \t\t\t\t\t\t<div class=\"elementor-icon-box-content\">  \t\t\t\t\t\t\t\t\t<h3 class=\"elementor-icon-box-title\"> \t\t\t\t\t\t<span  > \t\t\t\t\t\t\tLivraison rapide\t\t\t\t\t\t<\/span> \t\t\t\t\t<\/h3> \t\t\t\t \t\t\t\t\t\t\t\t\t<p class=\"elementor-icon-box-description\"> \t\t\t\t\t\tUn grand nombre de marchandises en stock peut garantir que nous livrerons les produits aux clients dans les meilleurs d\u00e9lais\t\t\t\t\t<\/p> \t\t\t\t \t\t\t<\/div> \t\t\t \t\t<\/div> \t\t\t\t\t\t<\/div> \t\t\t\t\t<\/div> \t\t\t\t<\/div> \t\t\t\t\t<\/div> \t\t\t\t<\/div> \t\t\t\t<\/div>","protected":false},"excerpt":{"rendered":"<p>Meet our Team About Us Contact Us Welcome to Shuliy Machinery! We are your trusted partner in the waste management and resource recycling industry, specializing in delivering superior, high-efficiency baling solutions. Since our parent company&#8217;s founding in 2011, Shuliy Machinery has been driven by the mission: &#8220;Let Chinese machines change every corner of the world.&#8221; [&hellip;]<\/p>\n","protected":false},"author":1,"featured_media":0,"parent":0,"menu_order":0,"comment_status":"closed","ping_status":"closed","template":"","meta":{"footnotes":""},"class_list":["post-791","page","type-page","status-publish","hentry"],"_links":{"self":[{"href":"https:\/\/shuliybalers.com\/fr\/wp-json\/wp\/v2\/pages\/791","targetHints":{"allow":["GET"]}}],"collection":[{"href":"https:\/\/shuliybalers.com\/fr\/wp-json\/wp\/v2\/pages"}],"about":[{"href":"https:\/\/shuliybalers.com\/fr\/wp-json\/wp\/v2\/types\/page"}],"author":[{"embeddable":true,"href":"https:\/\/shuliybalers.com\/fr\/wp-json\/wp\/v2\/users\/1"}],"replies":[{"embeddable":true,"href":"https:\/\/shuliybalers.com\/fr\/wp-json\/wp\/v2\/comments?post=791"}],"version-history":[{"count":0,"href":"https:\/\/shuliybalers.com\/fr\/wp-json\/wp\/v2\/pages\/791\/revisions"}],"wp:attachment":[{"href":"https:\/\/shuliybalers.com\/fr\/wp-json\/wp\/v2\/media?parent=791"}],"curies":[{"name":"wp","href":"https:\/\/api.w.org\/{rel}","templated":true}]}}