{"id":791,"date":"2022-07-28T07:00:19","date_gmt":"2022-07-28T07:00:19","guid":{"rendered":"https:\/\/demo.creativethemes.com\/elementor\/bizconsult\/?page_id=791"},"modified":"2025-09-12T14:17:01","modified_gmt":"2025-09-12T06:17:01","slug":"about-us","status":"publish","type":"page","link":"https:\/\/shuliybalers.com\/es\/about-us\/","title":{"rendered":"Sobre nosotros"},"content":{"rendered":"<div data-elementor-type=\"wp-page\" data-elementor-id=\"791\" class=\"elementor elementor-791\" data-elementor-post-type=\"page\"> \t\t\t\t<div class=\"elementor-element elementor-element-eeed4cb e-flex e-con-boxed e-con e-parent\" data-id=\"eeed4cb\" data-element_type=\"container\" data-e-type=\"container\" data-settings=\"{&quot;background_background&quot;:&quot;classic&quot;}\"> \t\t\t\t\t<div class=\"e-con-inner\"> \t\t\t\t<div class=\"elementor-element elementor-element-337a5f1 elementor-widget elementor-widget-heading\" data-id=\"337a5f1\" data-element_type=\"widget\" data-e-type=\"widget\" data-widget_type=\"heading.default\"> \t\t\t\t\t<h2 class=\"elementor-heading-title elementor-size-default\">Conoce a nuestro equipo<\/h2>\t\t\t\t<\/div> \t\t\t\t<div class=\"elementor-element elementor-element-451373a elementor-widget elementor-widget-image\" data-id=\"451373a\" data-element_type=\"widget\" data-e-type=\"widget\" data-widget_type=\"image.default\"> \t\t\t\t\t\t\t\t\t\t\t\t\t\t\t<img fetchpriority=\"high\" decoding=\"async\" width=\"720\" height=\"377\" src=\"https:\/\/shuliybalers.com\/wp-content\/uploads\/2023\/05\/shuliy-machinery-720x377.webp\" class=\"attachment-large size-large wp-image-1730\" alt=\"shuliy maquinaria\" srcset=\"https:\/\/shuliybalers.com\/wp-content\/uploads\/2023\/05\/shuliy-machinery-720x377.webp 720w, https:\/\/shuliybalers.com\/wp-content\/uploads\/2023\/05\/shuliy-machinery-360x189.webp 360w, https:\/\/shuliybalers.com\/wp-content\/uploads\/2023\/05\/shuliy-machinery-768x402.webp 768w, https:\/\/shuliybalers.com\/wp-content\/uploads\/2023\/05\/shuliy-machinery.webp 1352w\" sizes=\"(max-width: 720px) 100vw, 720px\" title=\"\">\t\t\t\t\t\t\t\t\t\t\t\t\t\t\t<\/div> \t\t\t\t\t<\/div> \t\t\t\t<\/div> \t\t<div class=\"elementor-element elementor-element-61422b7 e-flex e-con-boxed e-con e-parent\" data-id=\"61422b7\" data-element_type=\"container\" data-e-type=\"container\"> \t\t\t\t\t<div class=\"e-con-inner\"> \t\t\t\t<div class=\"elementor-element elementor-element-d0b04b1 elementor-widget-divider--view-line elementor-widget elementor-widget-divider\" data-id=\"d0b04b1\" data-element_type=\"widget\" data-e-type=\"widget\" data-widget_type=\"divider.default\"> \t\t\t\t\t\t\t<div class=\"elementor-divider\"> \t\t\t<span class=\"elementor-divider-separator\"> \t\t\t\t\t\t<\/span> \t\t<\/div> \t\t\t\t\t\t<\/div> \t\t\t\t\t<\/div> \t\t\t\t<\/div> \t\t<div class=\"elementor-element elementor-element-d75455c e-flex e-con-boxed e-con e-parent\" data-id=\"d75455c\" data-element_type=\"container\" data-e-type=\"container\" data-settings=\"{&quot;background_background&quot;:&quot;classic&quot;}\"> \t\t\t\t\t<div class=\"e-con-inner\"> \t\t\t\t<div class=\"elementor-element elementor-element-f71b5ee elementor-widget__width-initial elementor-widget-tablet__width-inherit elementor-widget elementor-widget-image\" data-id=\"f71b5ee\" data-element_type=\"widget\" data-e-type=\"widget\" data-widget_type=\"image.default\"> \t\t\t\t\t\t\t\t\t\t\t\t\t\t\t<img decoding=\"async\" width=\"440\" height=\"539\" src=\"https:\/\/shuliybalers.com\/wp-content\/uploads\/2023\/06\/customer-and-sales.jpg\" class=\"attachment-large size-large wp-image-2200\" alt=\"cliente y ventas\" srcset=\"https:\/\/shuliybalers.com\/wp-content\/uploads\/2023\/06\/customer-and-sales.jpg 440w, https:\/\/shuliybalers.com\/wp-content\/uploads\/2023\/06\/customer-and-sales-220x270.jpg 220w\" sizes=\"(max-width: 440px) 100vw, 440px\" title=\"\">\t\t\t\t\t\t\t\t\t\t\t\t\t\t\t<\/div> \t\t<div class=\"elementor-element elementor-element-e5cc82e e-con-full e-flex e-con e-child\" data-id=\"e5cc82e\" data-element_type=\"container\" data-e-type=\"container\"> \t\t\t\t<div class=\"elementor-element elementor-element-e99846e elementor-widget elementor-widget-heading\" data-id=\"e99846e\" data-element_type=\"widget\" data-e-type=\"widget\" data-widget_type=\"heading.default\"> \t\t\t\t\t<h3 class=\"elementor-heading-title elementor-size-default\">Sobre nosotros<\/h3>\t\t\t\t<\/div> \t\t\t\t<div class=\"elementor-element elementor-element-27fa672 elementor-tablet-align-center elementor-widget elementor-widget-button\" data-id=\"27fa672\" data-element_type=\"widget\" data-e-type=\"widget\" data-widget_type=\"button.default\"> \t\t\t\t\t\t\t\t\t\t<a class=\"elementor-button elementor-button-link elementor-size-sm\" href=\"https:\/\/shuliybalers.com\/es\/contact-us\/\"> \t\t\t\t\t\t<span class=\"elementor-button-content-wrapper\"> \t\t\t\t\t\t\t\t\t<span class=\"elementor-button-text\">Cont\u00e1ctanos<\/span> \t\t\t\t\t<\/span> \t\t\t\t\t<\/a> \t\t\t\t\t\t\t\t<\/div> \t\t\t\t<div class=\"elementor-element elementor-element-7edccbd elementor-widget elementor-widget-text-editor\" data-id=\"7edccbd\" data-element_type=\"widget\" data-e-type=\"widget\" data-widget_type=\"text-editor.default\"> \t\t\t\t\t\t\t\t\t<p>\u00a1Bienvenido a Shuliy Machinery! Somos su socio de confianza en la industria de gesti\u00f3n de residuos y reciclaje de recursos, especializados en ofrecer soluciones de compactaci\u00f3n superiores y de alta eficiencia.<\/p><p>Desde la fundaci\u00f3n de nuestra empresa matriz en 2011, Shuliy Machinery ha sido impulsada por la misi\u00f3n: \u201cDejar que las m\u00e1quinas chinas cambien cada rinc\u00f3n del mundo.\u201d Como una marca principal del Grupo Shuliy dedicada a la tecnolog\u00eda de compactaci\u00f3n, integramos I D, fabricaci\u00f3n, ventas y servicio para capacitar a los clientes en todo el mundo a mejorar su eficiencia de reciclaje y maximizar el valor.<\/p><p>Nuestro portafolio de productos incluye una gama completa de compactadoras verticales, horizontales y de metal, dise\u00f1adas para satisfacer las diversas necesidades de compactaci\u00f3n de materiales en instalaciones que van desde centros de reciclaje locales hasta grandes plantas industriales.\u00a0<\/p><p>Respaldados por la s\u00f3lida fortaleza t\u00e9cnica y la red de servicio global de nuestro grupo matriz, nuestros compactadores operan en m\u00e1s de 50 pa\u00edses y regiones, confiables por su construcci\u00f3n robusta, rendimiento confiable y operaci\u00f3n inteligente.<\/p><h3><strong>\u00bfPor qu\u00e9 elegir Shuliy Baler?<\/strong><\/h3><p class=\"translation-block\"><strong>Soluciones Personalizadas:<\/strong> Nos tomamos el tiempo para entender sus materiales espec\u00edficos, requisitos de rendimiento y espacio operativo para dise\u00f1ar y recomendar la configuraci\u00f3n de compactadora perfecta para su negocio.<\/p><p class=\"translation-block\"><strong>Calidad Excepcional:<\/strong> Utilizamos materiales de alta calidad y procesos de fabricaci\u00f3n avanzados para garantizar que cada m\u00e1quina est\u00e9 construida para durar, capaz de soportar las exigencias de operaciones pesadas.<\/p><p class=\"translation-block\"><strong>Servicio Integral:<\/strong> Desde la consulta experta previa a la venta y el dise\u00f1o de soluciones hasta la entrega r\u00e1pida, instalaci\u00f3n en el sitio y soporte postventa a largo plazo con disponibilidad de repuestos, ofrecemos una experiencia de servicio integral y sin complicaciones.<\/p><p class=\"translation-block\"><strong>L<\/strong><b>a Asociaci\u00f3n a Largo Plazo: <\/b>No solo vendemos una m\u00e1quina; construimos relaciones duraderas. No importa cu\u00e1nto tiempo haya estado en servicio su equipo, el equipo de Shuliy sigue siendo su socio de soporte t\u00e9cnico dedicado.<\/p><p class=\"translation-block\"><strong>Su \u00e9xito es nuestro \u00e9xito.<\/strong><\/p><p>Esperamos conectarnos con usted para encontrar la soluci\u00f3n \u00f3ptima para sus necesidades operativas. Cont\u00e1ctenos hoy para comenzar su camino hacia un reciclaje m\u00e1s eficiente.<\/p>\t\t\t\t\t\t\t\t<\/div> \t\t\t\t<\/div> \t\t\t\t\t<\/div> \t\t\t\t<\/div> \t\t<div class=\"elementor-element elementor-element-c03dfb6 e-flex e-con-boxed e-con e-parent\" data-id=\"c03dfb6\" data-element_type=\"container\" data-e-type=\"container\" data-settings=\"{&quot;background_background&quot;:&quot;classic&quot;}\"> \t\t\t\t\t<div class=\"e-con-inner\"> \t\t\t\t<div class=\"elementor-element elementor-element-18e4b6c elementor-widget elementor-widget-heading\" data-id=\"18e4b6c\" data-element_type=\"widget\" data-e-type=\"widget\" data-widget_type=\"heading.default\"> \t\t\t\t\t<h2 class=\"elementor-heading-title elementor-size-default\">Por qu\u00e9 elegirnos<\/h2>\t\t\t\t<\/div> \t\t\t\t<div class=\"elementor-element elementor-element-d180b9d elementor-widget elementor-widget-text-editor\" data-id=\"d180b9d\" data-element_type=\"widget\" data-e-type=\"widget\" data-widget_type=\"text-editor.default\"> \t\t\t\t\t\t\t\t\t<p>Razones por las que nos eliges entre muchos pares<\/p>\t\t\t\t\t\t\t\t<\/div> \t\t<div class=\"elementor-element elementor-element-c03b362 e-flex e-con-boxed e-con e-child\" data-id=\"c03b362\" data-element_type=\"container\" data-e-type=\"container\"> \t\t\t\t\t<div class=\"e-con-inner\"> \t\t\t\t<div class=\"elementor-element elementor-element-cab4e6d elementor-widget__width-initial elementor-view-default elementor-position-block-start elementor-mobile-position-block-start elementor-widget elementor-widget-icon-box\" data-id=\"cab4e6d\" data-element_type=\"widget\" data-e-type=\"widget\" data-widget_type=\"icon-box.default\"> \t\t\t\t\t\t\t<div class=\"elementor-icon-box-wrapper\">  \t\t\t\t\t\t<div class=\"elementor-icon-box-icon\"> \t\t\t\t<span  class=\"elementor-icon\"> \t\t\t\t<svg aria-hidden=\"true\" class=\"e-font-icon-svg e-fas-user\" viewbox=\"0 0 448 512\" xmlns=\"http:\/\/www.w3.org\/2000\/svg\"><path d=\"M224 256c70.7 0 128-57.3 128-128S294.7 0 224 0 96 57.3 96 128s57.3 128 128 128zm89.6 32h-16.7c-22.2 10.2-46.9 16-72.9 16s-50.6-5.8-72.9-16h-16.7C60.2 288 0 348.2 0 422.4V464c0 26.5 21.5 48 48 48h352c26.5 0 48-21.5 48-48v-41.6c0-74.2-60.2-134.4-134.4-134.4z\"><\/path><\/svg>\t\t\t\t<\/span> \t\t\t<\/div> \t\t\t \t\t\t\t\t\t<div class=\"elementor-icon-box-content\">  \t\t\t\t\t\t\t\t\t<h3 class=\"elementor-icon-box-title\"> \t\t\t\t\t\t<span  > \t\t\t\t\t\t\tAtenci\u00f3n al Cliente 24\/7\t\t\t\t\t\t<\/span> \t\t\t\t\t<\/h3> \t\t\t\t \t\t\t\t\t\t\t\t\t<p class=\"elementor-icon-box-description\"> \t\t\t\t\t\tNo importa cu\u00e1ndo el cliente env\u00ede un mensaje, responderemos en el primer momento\t\t\t\t\t<\/p> \t\t\t\t \t\t\t<\/div> \t\t\t \t\t<\/div> \t\t\t\t\t\t<\/div> \t\t\t\t<div class=\"elementor-element elementor-element-286c33a elementor-widget__width-initial elementor-view-default elementor-position-block-start elementor-mobile-position-block-start elementor-widget elementor-widget-icon-box\" data-id=\"286c33a\" data-element_type=\"widget\" data-e-type=\"widget\" data-widget_type=\"icon-box.default\"> \t\t\t\t\t\t\t<div class=\"elementor-icon-box-wrapper\">  \t\t\t\t\t\t<div class=\"elementor-icon-box-icon\"> \t\t\t\t<span  class=\"elementor-icon\"> \t\t\t\t<svg aria-hidden=\"true\" class=\"e-font-icon-svg e-fab-product-hunt\" viewbox=\"0 0 512 512\" xmlns=\"http:\/\/www.w3.org\/2000\/svg\"><path d=\"M326.3 218.8c0 20.5-16.7 37.2-37.2 37.2h-70.3v-74.4h70.3c20.5 0 37.2 16.7 37.2 37.2zM504 256c0 137-111 248-248 248S8 393 8 256 119 8 256 8s248 111 248 248zm-128.1-37.2c0-47.9-38.9-86.8-86.8-86.8H169.2v248h49.6v-74.4h70.3c47.9 0 86.8-38.9 86.8-86.8z\"><\/path><\/svg>\t\t\t\t<\/span> \t\t\t<\/div> \t\t\t \t\t\t\t\t\t<div class=\"elementor-icon-box-content\">  \t\t\t\t\t\t\t\t\t<h3 class=\"elementor-icon-box-title\"> \t\t\t\t\t\t<span  > \t\t\t\t\t\t\tM\u00e1quina de alta calidad\t\t\t\t\t\t<\/span> \t\t\t\t\t<\/h3> \t\t\t\t \t\t\t\t\t\t\t\t\t<p class=\"elementor-icon-box-description\"> \t\t\t\t\t\tLas m\u00e1quinas est\u00e1n hechas de materiales de alta calidad\t\t\t\t\t<\/p> \t\t\t\t \t\t\t<\/div> \t\t\t \t\t<\/div> \t\t\t\t\t\t<\/div> \t\t\t\t<div class=\"elementor-element elementor-element-0a33e12 elementor-widget__width-initial elementor-view-default elementor-position-block-start elementor-mobile-position-block-start elementor-widget elementor-widget-icon-box\" data-id=\"0a33e12\" data-element_type=\"widget\" data-e-type=\"widget\" data-widget_type=\"icon-box.default\"> \t\t\t\t\t\t\t<div class=\"elementor-icon-box-wrapper\">  \t\t\t\t\t\t<div class=\"elementor-icon-box-icon\"> \t\t\t\t<span  class=\"elementor-icon\"> \t\t\t\t<svg aria-hidden=\"true\" class=\"e-font-icon-svg e-fas-shipping-fast\" viewbox=\"0 0 640 512\" xmlns=\"http:\/\/www.w3.org\/2000\/svg\"><path d=\"M624 352h-16V243.9c0-12.7-5.1-24.9-14.1-33.9L494 110.1c-9-9-21.2-14.1-33.9-14.1H416V48c0-26.5-21.5-48-48-48H112C85.5 0 64 21.5 64 48v48H8c-4.4 0-8 3.6-8 8v16c0 4.4 3.6 8 8 8h272c4.4 0 8 3.6 8 8v16c0 4.4-3.6 8-8 8H40c-4.4 0-8 3.6-8 8v16c0 4.4 3.6 8 8 8h208c4.4 0 8 3.6 8 8v16c0 4.4-3.6 8-8 8H8c-4.4 0-8 3.6-8 8v16c0 4.4 3.6 8 8 8h208c4.4 0 8 3.6 8 8v16c0 4.4-3.6 8-8 8H64v128c0 53 43 96 96 96s96-43 96-96h128c0 53 43 96 96 96s96-43 96-96h48c8.8 0 16-7.2 16-16v-32c0-8.8-7.2-16-16-16zM160 464c-26.5 0-48-21.5-48-48s21.5-48 48-48 48 21.5 48 48-21.5 48-48 48zm320 0c-26.5 0-48-21.5-48-48s21.5-48 48-48 48 21.5 48 48-21.5 48-48 48zm80-208H416V144h44.1l99.9 99.9V256z\"><\/path><\/svg>\t\t\t\t<\/span> \t\t\t<\/div> \t\t\t \t\t\t\t\t\t<div class=\"elementor-icon-box-content\">  \t\t\t\t\t\t\t\t\t<h3 class=\"elementor-icon-box-title\"> \t\t\t\t\t\t<span  > \t\t\t\t\t\t\tEntrega r\u00e1pida\t\t\t\t\t\t<\/span> \t\t\t\t\t<\/h3> \t\t\t\t \t\t\t\t\t\t\t\t\t<p class=\"elementor-icon-box-description\"> \t\t\t\t\t\tUna gran cantidad de productos en stock puede garantizar que entregaremos los productos a los clientes en el primer momento\t\t\t\t\t<\/p> \t\t\t\t \t\t\t<\/div> \t\t\t \t\t<\/div> \t\t\t\t\t\t<\/div> \t\t\t\t\t<\/div> \t\t\t\t<\/div> \t\t\t\t\t<\/div> \t\t\t\t<\/div> \t\t\t\t<\/div>","protected":false},"excerpt":{"rendered":"<p>Meet our Team About Us Contact Us Welcome to Shuliy Machinery! We are your trusted partner in the waste management and resource recycling industry, specializing in delivering superior, high-efficiency baling solutions. Since our parent company&#8217;s founding in 2011, Shuliy Machinery has been driven by the mission: &#8220;Let Chinese machines change every corner of the world.&#8221; [&hellip;]<\/p>\n","protected":false},"author":1,"featured_media":0,"parent":0,"menu_order":0,"comment_status":"closed","ping_status":"closed","template":"","meta":{"footnotes":""},"class_list":["post-791","page","type-page","status-publish","hentry"],"_links":{"self":[{"href":"https:\/\/shuliybalers.com\/es\/wp-json\/wp\/v2\/pages\/791","targetHints":{"allow":["GET"]}}],"collection":[{"href":"https:\/\/shuliybalers.com\/es\/wp-json\/wp\/v2\/pages"}],"about":[{"href":"https:\/\/shuliybalers.com\/es\/wp-json\/wp\/v2\/types\/page"}],"author":[{"embeddable":true,"href":"https:\/\/shuliybalers.com\/es\/wp-json\/wp\/v2\/users\/1"}],"replies":[{"embeddable":true,"href":"https:\/\/shuliybalers.com\/es\/wp-json\/wp\/v2\/comments?post=791"}],"version-history":[{"count":0,"href":"https:\/\/shuliybalers.com\/es\/wp-json\/wp\/v2\/pages\/791\/revisions"}],"wp:attachment":[{"href":"https:\/\/shuliybalers.com\/es\/wp-json\/wp\/v2\/media?parent=791"}],"curies":[{"name":"wp","href":"https:\/\/api.w.org\/{rel}","templated":true}]}}