{"id":791,"date":"2022-07-28T07:00:19","date_gmt":"2022-07-28T07:00:19","guid":{"rendered":"https:\/\/demo.creativethemes.com\/elementor\/bizconsult\/?page_id=791"},"modified":"2025-09-12T14:17:01","modified_gmt":"2025-09-12T06:17:01","slug":"about-us","status":"publish","type":"page","link":"https:\/\/shuliybalers.com\/de\/about-us\/","title":{"rendered":"\u00dcber uns"},"content":{"rendered":"<div data-elementor-type=\"wp-page\" data-elementor-id=\"791\" class=\"elementor elementor-791\" data-elementor-post-type=\"page\"> \t\t\t\t<div class=\"elementor-element elementor-element-eeed4cb e-flex e-con-boxed e-con e-parent\" data-id=\"eeed4cb\" data-element_type=\"container\" data-e-type=\"container\" data-settings=\"{&quot;background_background&quot;:&quot;classic&quot;}\"> \t\t\t\t\t<div class=\"e-con-inner\"> \t\t\t\t<div class=\"elementor-element elementor-element-337a5f1 elementor-widget elementor-widget-heading\" data-id=\"337a5f1\" data-element_type=\"widget\" data-e-type=\"widget\" data-widget_type=\"heading.default\"> \t\t\t\t\t<h2 class=\"elementor-heading-title elementor-size-default\">Lernen Sie unser Team kennen<\/h2>\t\t\t\t<\/div> \t\t\t\t<div class=\"elementor-element elementor-element-451373a elementor-widget elementor-widget-image\" data-id=\"451373a\" data-element_type=\"widget\" data-e-type=\"widget\" data-widget_type=\"image.default\"> \t\t\t\t\t\t\t\t\t\t\t\t\t\t\t<img fetchpriority=\"high\" decoding=\"async\" width=\"720\" height=\"377\" src=\"https:\/\/shuliybalers.com\/wp-content\/uploads\/2023\/05\/shuliy-machinery-720x377.webp\" class=\"attachment-large size-large wp-image-1730\" alt=\"Shuliy-Maschinen\" srcset=\"https:\/\/shuliybalers.com\/wp-content\/uploads\/2023\/05\/shuliy-machinery-720x377.webp 720w, https:\/\/shuliybalers.com\/wp-content\/uploads\/2023\/05\/shuliy-machinery-360x189.webp 360w, https:\/\/shuliybalers.com\/wp-content\/uploads\/2023\/05\/shuliy-machinery-768x402.webp 768w, https:\/\/shuliybalers.com\/wp-content\/uploads\/2023\/05\/shuliy-machinery.webp 1352w\" sizes=\"(max-width: 720px) 100vw, 720px\" title=\"\">\t\t\t\t\t\t\t\t\t\t\t\t\t\t\t<\/div> \t\t\t\t\t<\/div> \t\t\t\t<\/div> \t\t<div class=\"elementor-element elementor-element-61422b7 e-flex e-con-boxed e-con e-parent\" data-id=\"61422b7\" data-element_type=\"container\" data-e-type=\"container\"> \t\t\t\t\t<div class=\"e-con-inner\"> \t\t\t\t<div class=\"elementor-element elementor-element-d0b04b1 elementor-widget-divider--view-line elementor-widget elementor-widget-divider\" data-id=\"d0b04b1\" data-element_type=\"widget\" data-e-type=\"widget\" data-widget_type=\"divider.default\"> \t\t\t\t\t\t\t<div class=\"elementor-divider\"> \t\t\t<span class=\"elementor-divider-separator\"> \t\t\t\t\t\t<\/span> \t\t<\/div> \t\t\t\t\t\t<\/div> \t\t\t\t\t<\/div> \t\t\t\t<\/div> \t\t<div class=\"elementor-element elementor-element-d75455c e-flex e-con-boxed e-con e-parent\" data-id=\"d75455c\" data-element_type=\"container\" data-e-type=\"container\" data-settings=\"{&quot;background_background&quot;:&quot;classic&quot;}\"> \t\t\t\t\t<div class=\"e-con-inner\"> \t\t\t\t<div class=\"elementor-element elementor-element-f71b5ee elementor-widget__width-initial elementor-widget-tablet__width-inherit elementor-widget elementor-widget-image\" data-id=\"f71b5ee\" data-element_type=\"widget\" data-e-type=\"widget\" data-widget_type=\"image.default\"> \t\t\t\t\t\t\t\t\t\t\t\t\t\t\t<img decoding=\"async\" width=\"440\" height=\"539\" src=\"https:\/\/shuliybalers.com\/wp-content\/uploads\/2023\/06\/customer-and-sales.jpg\" class=\"attachment-large size-large wp-image-2200\" alt=\"Kunden und Verkauf\" srcset=\"https:\/\/shuliybalers.com\/wp-content\/uploads\/2023\/06\/customer-and-sales.jpg 440w, https:\/\/shuliybalers.com\/wp-content\/uploads\/2023\/06\/customer-and-sales-220x270.jpg 220w\" sizes=\"(max-width: 440px) 100vw, 440px\" title=\"\">\t\t\t\t\t\t\t\t\t\t\t\t\t\t\t<\/div> \t\t<div class=\"elementor-element elementor-element-e5cc82e e-con-full e-flex e-con e-child\" data-id=\"e5cc82e\" data-element_type=\"container\" data-e-type=\"container\"> \t\t\t\t<div class=\"elementor-element elementor-element-e99846e elementor-widget elementor-widget-heading\" data-id=\"e99846e\" data-element_type=\"widget\" data-e-type=\"widget\" data-widget_type=\"heading.default\"> \t\t\t\t\t<h3 class=\"elementor-heading-title elementor-size-default\">\u00dcber uns<\/h3>\t\t\t\t<\/div> \t\t\t\t<div class=\"elementor-element elementor-element-27fa672 elementor-tablet-align-center elementor-widget elementor-widget-button\" data-id=\"27fa672\" data-element_type=\"widget\" data-e-type=\"widget\" data-widget_type=\"button.default\"> \t\t\t\t\t\t\t\t\t\t<a class=\"elementor-button elementor-button-link elementor-size-sm\" href=\"https:\/\/shuliybalers.com\/de\/contact-us\/\"> \t\t\t\t\t\t<span class=\"elementor-button-content-wrapper\"> \t\t\t\t\t\t\t\t\t<span class=\"elementor-button-text\">Kontaktieren Sie uns<\/span> \t\t\t\t\t<\/span> \t\t\t\t\t<\/a> \t\t\t\t\t\t\t\t<\/div> \t\t\t\t<div class=\"elementor-element elementor-element-7edccbd elementor-widget elementor-widget-text-editor\" data-id=\"7edccbd\" data-element_type=\"widget\" data-e-type=\"widget\" data-widget_type=\"text-editor.default\"> \t\t\t\t\t\t\t\t\t<p>Willkommen bei Shuliy Machinery! Wir sind Ihr vertrauensw\u00fcrdiger Partner in der Abfallwirtschaft und Ressourcenrecyclingbranche und spezialisieren uns auf die Bereitstellung hochwertiger, effizienter Ballenl\u00f6sungen.<\/p><p>Seit der Gr\u00fcndung unseres Mutterunternehmens im Jahr 2011 wird Shuliy Machinery von der Mission angetrieben: \u201eLassen Sie chinesische Maschinen jede Ecke der Welt ver\u00e4ndern.\u201c Als Kernmarke der Shuliy-Gruppe, die sich der Ballentechnologie widmet, integrieren wir Forschung &amp; Entwicklung, Herstellung, Verkauf und Service, um Kunden weltweit zu bef\u00e4higen, ihre Recyclingeffizienz zu steigern und den Wert zu maximieren.<\/p><p>Unser Produktportfolio umfasst eine umfassende Palette an vertikalen Ballenpressen, horizontalen Ballenpressen und Metallballenpressen, die entwickelt wurden, um die vielf\u00e4ltigen Materialverdichtungsanforderungen von Einrichtungen von lokalen Recyclingzentren bis hin zu gro\u00df angelegten Industrieanlagen zu erf\u00fcllen.\u00a0<\/p><p>Unterst\u00fctzt durch die robuste technische St\u00e4rke und das globale Servicenetz unserer Muttergruppe sind unsere Ballenpressen in \u00fcber 50 L\u00e4ndern und Regionen im Einsatz, vertrauensw\u00fcrdig wegen ihrer robusten Bauweise, zuverl\u00e4ssigen Leistung und intelligenten Bedienung.<\/p><h3><strong>Warum Shuliy Ballenpresse w\u00e4hlen?<\/strong><\/h3><p class=\"translation-block\"><strong>Ma\u00dfgeschneiderte L\u00f6sungen:<\/strong> Wir nehmen uns die Zeit, Ihre spezifischen Materialien, Durchsatzanforderungen und den Betriebsraum zu verstehen, um die perfekte Ballenpresse-Konfiguration f\u00fcr Ihr Unternehmen zu entwerfen und zu empfehlen.<\/p><p class=\"translation-block\"><strong>Ausgezeichnete Qualit\u00e4t:<\/strong> Wir verwenden hochwertige Materialien und fortschrittliche Herstellungsverfahren, um sicherzustellen, dass jede Maschine langlebig ist und den Strapazen des Schwerlastbetriebs standh\u00e4lt.<\/p><p class=\"translation-block\"><strong>End-to-End-Service:<\/strong> Von fachkundiger Vorverkaufsberatung und L\u00f6sungsdesign bis hin zu schneller Lieferung, Vor-Ort-Installation und langfristiger After-Sales-Unterst\u00fctzung mit Ersatzteilverf\u00fcgbarkeit bieten wir ein nahtloses, umfassendes Serviceerlebnis.<\/p><p class=\"translation-block\">Langfristige Partnerschaft:  Wir verkaufen nicht nur eine Maschine; wir bauen dauerhafte Beziehungen auf. Egal, wie lange Ihre Ausr\u00fcstung bereits im Einsatz ist, das Shuliy-Team bleibt Ihr engagierter technischer Support-Partner.<\/p><p class=\"translation-block\"><strong>Ihr Erfolg ist unser Erfolg.<\/strong><\/p><p>Wir freuen uns darauf, mit Ihnen in Kontakt zu treten, um die optimale L\u00f6sung f\u00fcr Ihre betrieblichen Anforderungen zu finden. Kontaktieren Sie uns noch heute, um Ihre Reise zu effizienterem Recycling zu beginnen.<\/p>\t\t\t\t\t\t\t\t<\/div> \t\t\t\t<\/div> \t\t\t\t\t<\/div> \t\t\t\t<\/div> \t\t<div class=\"elementor-element elementor-element-c03dfb6 e-flex e-con-boxed e-con e-parent\" data-id=\"c03dfb6\" data-element_type=\"container\" data-e-type=\"container\" data-settings=\"{&quot;background_background&quot;:&quot;classic&quot;}\"> \t\t\t\t\t<div class=\"e-con-inner\"> \t\t\t\t<div class=\"elementor-element elementor-element-18e4b6c elementor-widget elementor-widget-heading\" data-id=\"18e4b6c\" data-element_type=\"widget\" data-e-type=\"widget\" data-widget_type=\"heading.default\"> \t\t\t\t\t<h2 class=\"elementor-heading-title elementor-size-default\">Warum uns w\u00e4hlen<\/h2>\t\t\t\t<\/div> \t\t\t\t<div class=\"elementor-element elementor-element-d180b9d elementor-widget elementor-widget-text-editor\" data-id=\"d180b9d\" data-element_type=\"widget\" data-e-type=\"widget\" data-widget_type=\"text-editor.default\"> \t\t\t\t\t\t\t\t\t<p>Gr\u00fcnde, warum Sie uns im Vergleich zu vielen Mitbewerbern w\u00e4hlen<\/p>\t\t\t\t\t\t\t\t<\/div> \t\t<div class=\"elementor-element elementor-element-c03b362 e-flex e-con-boxed e-con e-child\" data-id=\"c03b362\" data-element_type=\"container\" data-e-type=\"container\"> \t\t\t\t\t<div class=\"e-con-inner\"> \t\t\t\t<div class=\"elementor-element elementor-element-cab4e6d elementor-widget__width-initial elementor-view-default elementor-position-block-start elementor-mobile-position-block-start elementor-widget elementor-widget-icon-box\" data-id=\"cab4e6d\" data-element_type=\"widget\" data-e-type=\"widget\" data-widget_type=\"icon-box.default\"> \t\t\t\t\t\t\t<div class=\"elementor-icon-box-wrapper\">  \t\t\t\t\t\t<div class=\"elementor-icon-box-icon\"> \t\t\t\t<span  class=\"elementor-icon\"> \t\t\t\t<svg aria-hidden=\"true\" class=\"e-font-icon-svg e-fas-user\" viewbox=\"0 0 448 512\" xmlns=\"http:\/\/www.w3.org\/2000\/svg\"><path d=\"M224 256c70.7 0 128-57.3 128-128S294.7 0 224 0 96 57.3 96 128s57.3 128 128 128zm89.6 32h-16.7c-22.2 10.2-46.9 16-72.9 16s-50.6-5.8-72.9-16h-16.7C60.2 288 0 348.2 0 422.4V464c0 26.5 21.5 48 48 48h352c26.5 0 48-21.5 48-48v-41.6c0-74.2-60.2-134.4-134.4-134.4z\"><\/path><\/svg>\t\t\t\t<\/span> \t\t\t<\/div> \t\t\t \t\t\t\t\t\t<div class=\"elementor-icon-box-content\">  \t\t\t\t\t\t\t\t\t<h3 class=\"elementor-icon-box-title\"> \t\t\t\t\t\t<span  > \t\t\t\t\t\t\t24\/7 Kundenservice\t\t\t\t\t\t<\/span> \t\t\t\t\t<\/h3> \t\t\t\t \t\t\t\t\t\t\t\t\t<p class=\"elementor-icon-box-description\"> \t\t\t\t\t\tEgal wann der Kunde eine Nachricht sendet, wir antworten sofort\t\t\t\t\t<\/p> \t\t\t\t \t\t\t<\/div> \t\t\t \t\t<\/div> \t\t\t\t\t\t<\/div> \t\t\t\t<div class=\"elementor-element elementor-element-286c33a elementor-widget__width-initial elementor-view-default elementor-position-block-start elementor-mobile-position-block-start elementor-widget elementor-widget-icon-box\" data-id=\"286c33a\" data-element_type=\"widget\" data-e-type=\"widget\" data-widget_type=\"icon-box.default\"> \t\t\t\t\t\t\t<div class=\"elementor-icon-box-wrapper\">  \t\t\t\t\t\t<div class=\"elementor-icon-box-icon\"> \t\t\t\t<span  class=\"elementor-icon\"> \t\t\t\t<svg aria-hidden=\"true\" class=\"e-font-icon-svg e-fab-product-hunt\" viewbox=\"0 0 512 512\" xmlns=\"http:\/\/www.w3.org\/2000\/svg\"><path d=\"M326.3 218.8c0 20.5-16.7 37.2-37.2 37.2h-70.3v-74.4h70.3c20.5 0 37.2 16.7 37.2 37.2zM504 256c0 137-111 248-248 248S8 393 8 256 119 8 256 8s248 111 248 248zm-128.1-37.2c0-47.9-38.9-86.8-86.8-86.8H169.2v248h49.6v-74.4h70.3c47.9 0 86.8-38.9 86.8-86.8z\"><\/path><\/svg>\t\t\t\t<\/span> \t\t\t<\/div> \t\t\t \t\t\t\t\t\t<div class=\"elementor-icon-box-content\">  \t\t\t\t\t\t\t\t\t<h3 class=\"elementor-icon-box-title\"> \t\t\t\t\t\t<span  > \t\t\t\t\t\t\tHochwertige Maschine\t\t\t\t\t\t<\/span> \t\t\t\t\t<\/h3> \t\t\t\t \t\t\t\t\t\t\t\t\t<p class=\"elementor-icon-box-description\"> \t\t\t\t\t\tDie Maschinen bestehen aus hochwertigen Materialien\t\t\t\t\t<\/p> \t\t\t\t \t\t\t<\/div> \t\t\t \t\t<\/div> \t\t\t\t\t\t<\/div> \t\t\t\t<div class=\"elementor-element elementor-element-0a33e12 elementor-widget__width-initial elementor-view-default elementor-position-block-start elementor-mobile-position-block-start elementor-widget elementor-widget-icon-box\" data-id=\"0a33e12\" data-element_type=\"widget\" data-e-type=\"widget\" data-widget_type=\"icon-box.default\"> \t\t\t\t\t\t\t<div class=\"elementor-icon-box-wrapper\">  \t\t\t\t\t\t<div class=\"elementor-icon-box-icon\"> \t\t\t\t<span  class=\"elementor-icon\"> \t\t\t\t<svg aria-hidden=\"true\" class=\"e-font-icon-svg e-fas-shipping-fast\" viewbox=\"0 0 640 512\" xmlns=\"http:\/\/www.w3.org\/2000\/svg\"><path d=\"M624 352h-16V243.9c0-12.7-5.1-24.9-14.1-33.9L494 110.1c-9-9-21.2-14.1-33.9-14.1H416V48c0-26.5-21.5-48-48-48H112C85.5 0 64 21.5 64 48v48H8c-4.4 0-8 3.6-8 8v16c0 4.4 3.6 8 8 8h272c4.4 0 8 3.6 8 8v16c0 4.4-3.6 8-8 8H40c-4.4 0-8 3.6-8 8v16c0 4.4 3.6 8 8 8h208c4.4 0 8 3.6 8 8v16c0 4.4-3.6 8-8 8H8c-4.4 0-8 3.6-8 8v16c0 4.4 3.6 8 8 8h208c4.4 0 8 3.6 8 8v16c0 4.4-3.6 8-8 8H64v128c0 53 43 96 96 96s96-43 96-96h128c0 53 43 96 96 96s96-43 96-96h48c8.8 0 16-7.2 16-16v-32c0-8.8-7.2-16-16-16zM160 464c-26.5 0-48-21.5-48-48s21.5-48 48-48 48 21.5 48 48-21.5 48-48 48zm320 0c-26.5 0-48-21.5-48-48s21.5-48 48-48 48 21.5 48 48-21.5 48-48 48zm80-208H416V144h44.1l99.9 99.9V256z\"><\/path><\/svg>\t\t\t\t<\/span> \t\t\t<\/div> \t\t\t \t\t\t\t\t\t<div class=\"elementor-icon-box-content\">  \t\t\t\t\t\t\t\t\t<h3 class=\"elementor-icon-box-title\"> \t\t\t\t\t\t<span  > \t\t\t\t\t\t\tSchnelle Lieferung\t\t\t\t\t\t<\/span> \t\t\t\t\t<\/h3> \t\t\t\t \t\t\t\t\t\t\t\t\t<p class=\"elementor-icon-box-description\"> \t\t\t\t\t\tEine gro\u00dfe Anzahl an Sofortwaren kann sicherstellen, dass wir die Waren zuerst an die Kunden liefern\t\t\t\t\t<\/p> \t\t\t\t \t\t\t<\/div> \t\t\t \t\t<\/div> \t\t\t\t\t\t<\/div> \t\t\t\t\t<\/div> \t\t\t\t<\/div> \t\t\t\t\t<\/div> \t\t\t\t<\/div> \t\t\t\t<\/div>","protected":false},"excerpt":{"rendered":"<p>Meet our Team About Us Contact Us Welcome to Shuliy Machinery! We are your trusted partner in the waste management and resource recycling industry, specializing in delivering superior, high-efficiency baling solutions. Since our parent company&#8217;s founding in 2011, Shuliy Machinery has been driven by the mission: &#8220;Let Chinese machines change every corner of the world.&#8221; [&hellip;]<\/p>\n","protected":false},"author":1,"featured_media":0,"parent":0,"menu_order":0,"comment_status":"closed","ping_status":"closed","template":"","meta":{"footnotes":""},"class_list":["post-791","page","type-page","status-publish","hentry"],"_links":{"self":[{"href":"https:\/\/shuliybalers.com\/de\/wp-json\/wp\/v2\/pages\/791","targetHints":{"allow":["GET"]}}],"collection":[{"href":"https:\/\/shuliybalers.com\/de\/wp-json\/wp\/v2\/pages"}],"about":[{"href":"https:\/\/shuliybalers.com\/de\/wp-json\/wp\/v2\/types\/page"}],"author":[{"embeddable":true,"href":"https:\/\/shuliybalers.com\/de\/wp-json\/wp\/v2\/users\/1"}],"replies":[{"embeddable":true,"href":"https:\/\/shuliybalers.com\/de\/wp-json\/wp\/v2\/comments?post=791"}],"version-history":[{"count":0,"href":"https:\/\/shuliybalers.com\/de\/wp-json\/wp\/v2\/pages\/791\/revisions"}],"wp:attachment":[{"href":"https:\/\/shuliybalers.com\/de\/wp-json\/wp\/v2\/media?parent=791"}],"curies":[{"name":"wp","href":"https:\/\/api.w.org\/{rel}","templated":true}]}}